{"id":2048,"date":"2022-01-28T22:08:02","date_gmt":"2022-01-28T21:08:02","guid":{"rendered":"http:\/\/172.16.25.3\/distcaribe.com\/?page_id=2048"},"modified":"2023-06-15T22:59:58","modified_gmt":"2023-06-15T20:59:58","slug":"farmaceutica-materia-prima","status":"publish","type":"page","link":"https:\/\/www.distcaribe.com\/esp\/?page_id=2048","title":{"rendered":"Farmac\u00e9utica"},"content":{"rendered":"\t\t<div data-elementor-type=\"wp-page\" data-elementor-id=\"2048\" class=\"elementor elementor-2048\">\n\t\t\t\t\t\t<section class=\"elementor-section elementor-top-section elementor-element elementor-element-7b80150 elementor-section-full_width elementor-section-stretched elementor-section-height-default elementor-section-height-default\" data-id=\"7b80150\" data-element_type=\"section\" data-settings=\"{&quot;stretch_section&quot;:&quot;section-stretched&quot;,&quot;background_background&quot;:&quot;classic&quot;,&quot;ekit_has_onepagescroll_dot&quot;:&quot;yes&quot;}\">\n\t\t\t\t\t\t\t<div class=\"elementor-background-overlay\"><\/div>\n\t\t\t\t\t\t\t<div class=\"elementor-container elementor-column-gap-default\">\n\t\t\t\t\t<div class=\"elementor-column elementor-col-33 elementor-top-column elementor-element elementor-element-3bb56ee\" data-id=\"3bb56ee\" data-element_type=\"column\">\n\t\t\t<div class=\"elementor-widget-wrap\">\n\t\t\t\t\t\t\t<\/div>\n\t\t<\/div>\n\t\t\t\t<div class=\"elementor-column elementor-col-33 elementor-top-column elementor-element elementor-element-bcfccbf\" data-id=\"bcfccbf\" data-element_type=\"column\">\n\t\t\t<div class=\"elementor-widget-wrap elementor-element-populated\">\n\t\t\t\t\t\t<div class=\"elementor-element elementor-element-8606980 elementor-widget elementor-widget-spacer\" data-id=\"8606980\" data-element_type=\"widget\" data-settings=\"{&quot;ekit_we_effect_on&quot;:&quot;none&quot;}\" data-widget_type=\"spacer.default\">\n\t\t\t\t<div class=\"elementor-widget-container\">\n\t\t\t\t\t\t\t<div class=\"elementor-spacer\">\n\t\t\t<div class=\"elementor-spacer-inner\"><\/div>\n\t\t<\/div>\n\t\t\t\t\t\t<\/div>\n\t\t\t\t<\/div>\n\t\t\t\t<div class=\"elementor-element elementor-element-54e25ad elementor-widget elementor-widget-heading\" data-id=\"54e25ad\" data-element_type=\"widget\" data-settings=\"{&quot;ekit_we_effect_on&quot;:&quot;none&quot;}\" data-widget_type=\"heading.default\">\n\t\t\t\t<div class=\"elementor-widget-container\">\n\t\t\t\t\t<h2 class=\"elementor-heading-title elementor-size-default\">Farmac\u00e9utica <\/h2>\t\t\t\t<\/div>\n\t\t\t\t<\/div>\n\t\t\t\t<div class=\"elementor-element elementor-element-ef21e47 elementor-widget elementor-widget-spacer\" data-id=\"ef21e47\" data-element_type=\"widget\" data-settings=\"{&quot;ekit_we_effect_on&quot;:&quot;none&quot;}\" data-widget_type=\"spacer.default\">\n\t\t\t\t<div class=\"elementor-widget-container\">\n\t\t\t\t\t\t\t<div class=\"elementor-spacer\">\n\t\t\t<div class=\"elementor-spacer-inner\"><\/div>\n\t\t<\/div>\n\t\t\t\t\t\t<\/div>\n\t\t\t\t<\/div>\n\t\t\t\t<div class=\"elementor-element elementor-element-2e3ddb2 elementor-widget elementor-widget-text-editor\" data-id=\"2e3ddb2\" data-element_type=\"widget\" data-settings=\"{&quot;ekit_we_effect_on&quot;:&quot;none&quot;}\" data-widget_type=\"text-editor.default\">\n\t\t\t\t<div class=\"elementor-widget-container\">\n\t\t\t\t\t\t\t\t\t<p><span style=\"font-weight: 400;\">Todo lo necesario para la elaboraci\u00f3n de medicamentos seguros.<\/span><\/p>\t\t\t\t\t\t\t\t<\/div>\n\t\t\t\t<\/div>\n\t\t\t\t<div class=\"elementor-element elementor-element-e99de65 elementor-widget elementor-widget-spacer\" data-id=\"e99de65\" data-element_type=\"widget\" data-settings=\"{&quot;ekit_we_effect_on&quot;:&quot;none&quot;}\" data-widget_type=\"spacer.default\">\n\t\t\t\t<div class=\"elementor-widget-container\">\n\t\t\t\t\t\t\t<div class=\"elementor-spacer\">\n\t\t\t<div class=\"elementor-spacer-inner\"><\/div>\n\t\t<\/div>\n\t\t\t\t\t\t<\/div>\n\t\t\t\t<\/div>\n\t\t\t\t\t<\/div>\n\t\t<\/div>\n\t\t\t\t<div class=\"elementor-column elementor-col-33 elementor-top-column elementor-element elementor-element-155887a\" data-id=\"155887a\" data-element_type=\"column\">\n\t\t\t<div class=\"elementor-widget-wrap\">\n\t\t\t\t\t\t\t<\/div>\n\t\t<\/div>\n\t\t\t\t\t<\/div>\n\t\t<\/section>\n\t\t\t\t<section class=\"elementor-section elementor-top-section elementor-element elementor-element-de1d039 elementor-section-full_width elementor-section-stretched elementor-section-height-default elementor-section-height-default\" data-id=\"de1d039\" data-element_type=\"section\" data-settings=\"{&quot;stretch_section&quot;:&quot;section-stretched&quot;,&quot;ekit_has_onepagescroll_dot&quot;:&quot;yes&quot;}\">\n\t\t\t\t\t\t<div class=\"elementor-container elementor-column-gap-default\">\n\t\t\t\t\t<div class=\"elementor-column elementor-col-20 elementor-top-column elementor-element elementor-element-cf53576\" data-id=\"cf53576\" data-element_type=\"column\">\n\t\t\t<div class=\"elementor-widget-wrap\">\n\t\t\t\t\t\t\t<\/div>\n\t\t<\/div>\n\t\t\t\t<div class=\"elementor-column elementor-col-20 elementor-top-column elementor-element elementor-element-23b65c6\" data-id=\"23b65c6\" data-element_type=\"column\">\n\t\t\t<div class=\"elementor-widget-wrap elementor-element-populated\">\n\t\t\t\t\t\t<div class=\"elementor-element elementor-element-f8b7a22 elementor-hidden-tablet elementor-hidden-mobile elementor-widget elementor-widget-spacer\" data-id=\"f8b7a22\" data-element_type=\"widget\" data-settings=\"{&quot;ekit_we_effect_on&quot;:&quot;none&quot;}\" data-widget_type=\"spacer.default\">\n\t\t\t\t<div class=\"elementor-widget-container\">\n\t\t\t\t\t\t\t<div class=\"elementor-spacer\">\n\t\t\t<div class=\"elementor-spacer-inner\"><\/div>\n\t\t<\/div>\n\t\t\t\t\t\t<\/div>\n\t\t\t\t<\/div>\n\t\t\t\t<div class=\"elementor-element elementor-element-dc22040 elementor-widget elementor-widget-image\" data-id=\"dc22040\" data-element_type=\"widget\" data-settings=\"{&quot;ekit_we_effect_on&quot;:&quot;none&quot;}\" data-widget_type=\"image.default\">\n\t\t\t\t<div class=\"elementor-widget-container\">\n\t\t\t\t\t\t\t\t\t\t\t\t\t\t\t<img fetchpriority=\"high\" decoding=\"async\" width=\"750\" height=\"500\" src=\"https:\/\/www.distcaribe.com\/esp\/wp-content\/uploads\/2022\/01\/Farma-Humana-1024x682.jpg\" class=\"attachment-large size-large wp-image-3753\" alt=\"\" srcset=\"https:\/\/www.distcaribe.com\/esp\/wp-content\/uploads\/2022\/01\/Farma-Humana-1024x682.jpg 1024w, https:\/\/www.distcaribe.com\/esp\/wp-content\/uploads\/2022\/01\/Farma-Humana-300x200.jpg 300w, https:\/\/www.distcaribe.com\/esp\/wp-content\/uploads\/2022\/01\/Farma-Humana-768x512.jpg 768w, https:\/\/www.distcaribe.com\/esp\/wp-content\/uploads\/2022\/01\/Farma-Humana-1536x1024.jpg 1536w, https:\/\/www.distcaribe.com\/esp\/wp-content\/uploads\/2022\/01\/Farma-Humana-1568x1045.jpg 1568w, https:\/\/www.distcaribe.com\/esp\/wp-content\/uploads\/2022\/01\/Farma-Humana.jpg 1577w\" sizes=\"(max-width: 750px) 100vw, 750px\" style=\"width:100%;height:66.65%;max-width:1577px\" \/>\t\t\t\t\t\t\t\t\t\t\t\t\t\t\t<\/div>\n\t\t\t\t<\/div>\n\t\t\t\t\t<\/div>\n\t\t<\/div>\n\t\t\t\t<div class=\"elementor-column elementor-col-20 elementor-top-column elementor-element elementor-element-7cdceab\" data-id=\"7cdceab\" data-element_type=\"column\">\n\t\t\t<div class=\"elementor-widget-wrap\">\n\t\t\t\t\t\t\t<\/div>\n\t\t<\/div>\n\t\t\t\t<div class=\"elementor-column elementor-col-20 elementor-top-column elementor-element elementor-element-383b9d3\" data-id=\"383b9d3\" data-element_type=\"column\">\n\t\t\t<div class=\"elementor-widget-wrap elementor-element-populated\">\n\t\t\t\t\t\t<div class=\"elementor-element elementor-element-7c77647 elementor-hidden-tablet elementor-hidden-mobile elementor-widget elementor-widget-spacer\" data-id=\"7c77647\" data-element_type=\"widget\" data-settings=\"{&quot;ekit_we_effect_on&quot;:&quot;none&quot;}\" data-widget_type=\"spacer.default\">\n\t\t\t\t<div class=\"elementor-widget-container\">\n\t\t\t\t\t\t\t<div class=\"elementor-spacer\">\n\t\t\t<div class=\"elementor-spacer-inner\"><\/div>\n\t\t<\/div>\n\t\t\t\t\t\t<\/div>\n\t\t\t\t<\/div>\n\t\t\t\t<div class=\"elementor-element elementor-element-b5ae7be elementor-widget elementor-widget-heading\" data-id=\"b5ae7be\" data-element_type=\"widget\" data-settings=\"{&quot;ekit_we_effect_on&quot;:&quot;none&quot;}\" data-widget_type=\"heading.default\">\n\t\t\t\t<div class=\"elementor-widget-container\">\n\t\t\t\t\t<h2 class=\"elementor-heading-title elementor-size-default\">Humana <\/h2>\t\t\t\t<\/div>\n\t\t\t\t<\/div>\n\t\t\t\t<div class=\"elementor-element elementor-element-fc2badb elementor-widget elementor-widget-text-editor\" data-id=\"fc2badb\" data-element_type=\"widget\" data-settings=\"{&quot;ekit_we_effect_on&quot;:&quot;none&quot;}\" data-widget_type=\"text-editor.default\">\n\t\t\t\t<div class=\"elementor-widget-container\">\n\t\t\t\t\t\t\t\t\tVitaminas, minerales, amino\u00e1cidos, ingredientes activos, coadyuvantes, aceite mineral, colorantes, sabores y todo lo necesario para industria farmac\u00e9utica.\n\t\t\t\t\t\t\t\t<\/div>\n\t\t\t\t<\/div>\n\t\t\t\t<div class=\"elementor-element elementor-element-dfc257a elementor-mobile-align-center elementor-align-justify elementor-widget elementor-widget-button\" data-id=\"dfc257a\" data-element_type=\"widget\" data-settings=\"{&quot;ekit_we_effect_on&quot;:&quot;none&quot;}\" data-widget_type=\"button.default\">\n\t\t\t\t<div class=\"elementor-widget-container\">\n\t\t\t\t\t\t\t\t\t<div class=\"elementor-button-wrapper\">\n\t\t\t\t\t<a class=\"elementor-button elementor-button-link elementor-size-sm\" href=\"#elementor-action%3Aaction%3Dpopup%3Aopen%26settings%3DeyJpZCI6IjI0NzgiLCJ0b2dnbGUiOmZhbHNlfQ%3D%3D\">\n\t\t\t\t\t\t<span class=\"elementor-button-content-wrapper\">\n\t\t\t\t\t\t<span class=\"elementor-button-icon\">\n\t\t\t\t<i aria-hidden=\"true\" class=\"icon icon-download\"><\/i>\t\t\t<\/span>\n\t\t\t\t\t\t\t\t\t<span class=\"elementor-button-text\">Descarga el cat\u00e1logo completo<\/span>\n\t\t\t\t\t<\/span>\n\t\t\t\t\t<\/a>\n\t\t\t\t<\/div>\n\t\t\t\t\t\t\t\t<\/div>\n\t\t\t\t<\/div>\n\t\t\t\t\t<\/div>\n\t\t<\/div>\n\t\t\t\t<div class=\"elementor-column elementor-col-20 elementor-top-column elementor-element elementor-element-45c050d\" data-id=\"45c050d\" data-element_type=\"column\">\n\t\t\t<div class=\"elementor-widget-wrap\">\n\t\t\t\t\t\t\t<\/div>\n\t\t<\/div>\n\t\t\t\t\t<\/div>\n\t\t<\/section>\n\t\t\t\t<section class=\"elementor-section elementor-top-section elementor-element elementor-element-db5f17d elementor-section-full_width elementor-section-stretched elementor-section-height-default elementor-section-height-default\" data-id=\"db5f17d\" data-element_type=\"section\" data-settings=\"{&quot;stretch_section&quot;:&quot;section-stretched&quot;,&quot;ekit_has_onepagescroll_dot&quot;:&quot;yes&quot;}\">\n\t\t\t\t\t\t<div class=\"elementor-container elementor-column-gap-default\">\n\t\t\t\t\t<div class=\"elementor-column elementor-col-20 elementor-top-column elementor-element elementor-element-60fe782\" data-id=\"60fe782\" data-element_type=\"column\">\n\t\t\t<div class=\"elementor-widget-wrap\">\n\t\t\t\t\t\t\t<\/div>\n\t\t<\/div>\n\t\t\t\t<div class=\"elementor-column elementor-col-20 elementor-top-column elementor-element elementor-element-25b6433\" data-id=\"25b6433\" data-element_type=\"column\">\n\t\t\t<div class=\"elementor-widget-wrap elementor-element-populated\">\n\t\t\t\t\t\t<div class=\"elementor-element elementor-element-a06495c elementor-hidden-tablet elementor-hidden-mobile elementor-widget elementor-widget-spacer\" data-id=\"a06495c\" data-element_type=\"widget\" data-settings=\"{&quot;ekit_we_effect_on&quot;:&quot;none&quot;}\" data-widget_type=\"spacer.default\">\n\t\t\t\t<div class=\"elementor-widget-container\">\n\t\t\t\t\t\t\t<div class=\"elementor-spacer\">\n\t\t\t<div class=\"elementor-spacer-inner\"><\/div>\n\t\t<\/div>\n\t\t\t\t\t\t<\/div>\n\t\t\t\t<\/div>\n\t\t\t\t<div class=\"elementor-element elementor-element-993bb63 elementor-widget elementor-widget-image\" data-id=\"993bb63\" data-element_type=\"widget\" data-settings=\"{&quot;ekit_we_effect_on&quot;:&quot;none&quot;}\" data-widget_type=\"image.default\">\n\t\t\t\t<div class=\"elementor-widget-container\">\n\t\t\t\t\t\t\t\t\t\t\t\t\t\t\t<img decoding=\"async\" width=\"750\" height=\"500\" src=\"https:\/\/www.distcaribe.com\/esp\/wp-content\/uploads\/2022\/01\/Farma-Animal-1024x682.jpg\" class=\"attachment-large size-large wp-image-3752\" alt=\"\" srcset=\"https:\/\/www.distcaribe.com\/esp\/wp-content\/uploads\/2022\/01\/Farma-Animal-1024x682.jpg 1024w, https:\/\/www.distcaribe.com\/esp\/wp-content\/uploads\/2022\/01\/Farma-Animal-300x200.jpg 300w, https:\/\/www.distcaribe.com\/esp\/wp-content\/uploads\/2022\/01\/Farma-Animal-768x512.jpg 768w, https:\/\/www.distcaribe.com\/esp\/wp-content\/uploads\/2022\/01\/Farma-Animal-1536x1024.jpg 1536w, https:\/\/www.distcaribe.com\/esp\/wp-content\/uploads\/2022\/01\/Farma-Animal-1568x1045.jpg 1568w, https:\/\/www.distcaribe.com\/esp\/wp-content\/uploads\/2022\/01\/Farma-Animal.jpg 1577w\" sizes=\"(max-width: 750px) 100vw, 750px\" style=\"width:100%;height:66.65%;max-width:1577px\" \/>\t\t\t\t\t\t\t\t\t\t\t\t\t\t\t<\/div>\n\t\t\t\t<\/div>\n\t\t\t\t\t<\/div>\n\t\t<\/div>\n\t\t\t\t<div class=\"elementor-column elementor-col-20 elementor-top-column elementor-element elementor-element-91b7395\" data-id=\"91b7395\" data-element_type=\"column\">\n\t\t\t<div class=\"elementor-widget-wrap\">\n\t\t\t\t\t\t\t<\/div>\n\t\t<\/div>\n\t\t\t\t<div class=\"elementor-column elementor-col-20 elementor-top-column elementor-element elementor-element-4f7a8a8\" data-id=\"4f7a8a8\" data-element_type=\"column\">\n\t\t\t<div class=\"elementor-widget-wrap elementor-element-populated\">\n\t\t\t\t\t\t<div class=\"elementor-element elementor-element-950c609 elementor-hidden-tablet elementor-hidden-mobile elementor-widget elementor-widget-spacer\" data-id=\"950c609\" data-element_type=\"widget\" data-settings=\"{&quot;ekit_we_effect_on&quot;:&quot;none&quot;}\" data-widget_type=\"spacer.default\">\n\t\t\t\t<div class=\"elementor-widget-container\">\n\t\t\t\t\t\t\t<div class=\"elementor-spacer\">\n\t\t\t<div class=\"elementor-spacer-inner\"><\/div>\n\t\t<\/div>\n\t\t\t\t\t\t<\/div>\n\t\t\t\t<\/div>\n\t\t\t\t<div class=\"elementor-element elementor-element-4161b73 elementor-widget elementor-widget-heading\" data-id=\"4161b73\" data-element_type=\"widget\" data-settings=\"{&quot;ekit_we_effect_on&quot;:&quot;none&quot;}\" data-widget_type=\"heading.default\">\n\t\t\t\t<div class=\"elementor-widget-container\">\n\t\t\t\t\t<h2 class=\"elementor-heading-title elementor-size-default\">Animal<\/h2>\t\t\t\t<\/div>\n\t\t\t\t<\/div>\n\t\t\t\t<div class=\"elementor-element elementor-element-878b66a elementor-widget elementor-widget-text-editor\" data-id=\"878b66a\" data-element_type=\"widget\" data-settings=\"{&quot;ekit_we_effect_on&quot;:&quot;none&quot;}\" data-widget_type=\"text-editor.default\">\n\t\t\t\t<div class=\"elementor-widget-container\">\n\t\t\t\t\t\t\t\t\tIngredientes activos, aditivos, veh\u00edculos, preservantes y m\u00e1s. \t\t\t\t\t\t\t\t<\/div>\n\t\t\t\t<\/div>\n\t\t\t\t<div class=\"elementor-element elementor-element-ac9e958 elementor-mobile-align-center elementor-align-justify elementor-widget elementor-widget-button\" data-id=\"ac9e958\" data-element_type=\"widget\" data-settings=\"{&quot;ekit_we_effect_on&quot;:&quot;none&quot;}\" data-widget_type=\"button.default\">\n\t\t\t\t<div class=\"elementor-widget-container\">\n\t\t\t\t\t\t\t\t\t<div class=\"elementor-button-wrapper\">\n\t\t\t\t\t<a class=\"elementor-button elementor-button-link elementor-size-sm\" href=\"#elementor-action%3Aaction%3Dpopup%3Aopen%26settings%3DeyJpZCI6IjI0NzYiLCJ0b2dnbGUiOmZhbHNlfQ%3D%3D\">\n\t\t\t\t\t\t<span class=\"elementor-button-content-wrapper\">\n\t\t\t\t\t\t<span class=\"elementor-button-icon\">\n\t\t\t\t<i aria-hidden=\"true\" class=\"icon icon-download\"><\/i>\t\t\t<\/span>\n\t\t\t\t\t\t\t\t\t<span class=\"elementor-button-text\">Descarga el cat\u00e1logo completo<\/span>\n\t\t\t\t\t<\/span>\n\t\t\t\t\t<\/a>\n\t\t\t\t<\/div>\n\t\t\t\t\t\t\t\t<\/div>\n\t\t\t\t<\/div>\n\t\t\t\t\t<\/div>\n\t\t<\/div>\n\t\t\t\t<div class=\"elementor-column elementor-col-20 elementor-top-column elementor-element elementor-element-7e8f547\" data-id=\"7e8f547\" data-element_type=\"column\">\n\t\t\t<div class=\"elementor-widget-wrap\">\n\t\t\t\t\t\t\t<\/div>\n\t\t<\/div>\n\t\t\t\t\t<\/div>\n\t\t<\/section>\n\t\t\t\t<\/div>\n\t\t","protected":false},"excerpt":{"rendered":"<p>Farmac\u00e9utica Todo lo necesario para la elaboraci\u00f3n de medicamentos seguros. Humana Vitaminas, minerales, amino\u00e1cidos, ingredientes activos, coadyuvantes, aceite mineral, colorantes, sabores y todo lo necesario para industria farmac\u00e9utica. Descarga el cat\u00e1logo completo Animal Ingredientes activos, aditivos, veh\u00edculos, preservantes y m\u00e1s. Descarga el cat\u00e1logo completo<\/p>\n","protected":false},"author":1,"featured_media":0,"parent":0,"menu_order":0,"comment_status":"closed","ping_status":"closed","template":"elementor_header_footer","meta":{"footnotes":""},"class_list":["post-2048","page","type-page","status-publish","hentry","entry"],"yoast_head":"<!-- This site is optimized with the Yoast SEO plugin v26.7 - https:\/\/yoast.com\/wordpress\/plugins\/seo\/ -->\n<title>Farmac\u00e9utica - Distribuidora del Caribe<\/title>\n<meta name=\"description\" content=\"Toda la materia prima necesaria para la elaboraci\u00f3n de medicamentos. Humana, animal, vitaminas, minerales, amino\u00e1cidos, colorantes, sabores.\" \/>\n<meta name=\"robots\" content=\"index, follow, max-snippet:-1, max-image-preview:large, max-video-preview:-1\" \/>\n<link rel=\"canonical\" href=\"https:\/\/www.distcaribe.com\/esp\/?page_id=2048\" \/>\n<meta property=\"og:locale\" content=\"es_ES\" \/>\n<meta property=\"og:type\" content=\"article\" \/>\n<meta property=\"og:title\" content=\"Farmac\u00e9utica - Distribuidora del Caribe\" \/>\n<meta property=\"og:description\" content=\"Toda la materia prima necesaria para la elaboraci\u00f3n de medicamentos. Humana, animal, vitaminas, minerales, amino\u00e1cidos, colorantes, sabores.\" \/>\n<meta property=\"og:url\" content=\"https:\/\/www.distcaribe.com\/esp\/?page_id=2048\" \/>\n<meta property=\"og:site_name\" content=\"Distribuidora del Caribe\" \/>\n<meta property=\"article:publisher\" content=\"https:\/\/www.facebook.com\/dicsaguatemala\" \/>\n<meta property=\"article:modified_time\" content=\"2023-06-15T20:59:58+00:00\" \/>\n<meta property=\"og:image\" content=\"https:\/\/www.distcaribe.com\/esp\/wp-content\/uploads\/2022\/01\/Farma-Humana-1024x682.jpg\" \/>\n<meta name=\"twitter:card\" content=\"summary_large_image\" \/>\n<meta name=\"twitter:label1\" content=\"Est. reading time\" \/>\n\t<meta name=\"twitter:data1\" content=\"1 minuto\" \/>\n<script type=\"application\/ld+json\" class=\"yoast-schema-graph\">{\"@context\":\"https:\/\/schema.org\",\"@graph\":[{\"@type\":\"WebPage\",\"@id\":\"https:\/\/www.distcaribe.com\/esp\/?page_id=2048\",\"url\":\"https:\/\/www.distcaribe.com\/esp\/?page_id=2048\",\"name\":\"Farmac\u00e9utica - Distribuidora del Caribe\",\"isPartOf\":{\"@id\":\"https:\/\/www.distcaribe.com\/esp\/#website\"},\"primaryImageOfPage\":{\"@id\":\"https:\/\/www.distcaribe.com\/esp\/?page_id=2048#primaryimage\"},\"image\":{\"@id\":\"https:\/\/www.distcaribe.com\/esp\/?page_id=2048#primaryimage\"},\"thumbnailUrl\":\"https:\/\/www.distcaribe.com\/esp\/wp-content\/uploads\/2022\/01\/Farma-Humana-1024x682.jpg\",\"datePublished\":\"2022-01-28T21:08:02+00:00\",\"dateModified\":\"2023-06-15T20:59:58+00:00\",\"description\":\"Toda la materia prima necesaria para la elaboraci\u00f3n de medicamentos. Humana, animal, vitaminas, minerales, amino\u00e1cidos, colorantes, sabores.\",\"breadcrumb\":{\"@id\":\"https:\/\/www.distcaribe.com\/esp\/?page_id=2048#breadcrumb\"},\"inLanguage\":\"es\",\"potentialAction\":[{\"@type\":\"ReadAction\",\"target\":[\"https:\/\/www.distcaribe.com\/esp\/?page_id=2048\"]}]},{\"@type\":\"ImageObject\",\"inLanguage\":\"es\",\"@id\":\"https:\/\/www.distcaribe.com\/esp\/?page_id=2048#primaryimage\",\"url\":\"https:\/\/www.distcaribe.com\/esp\/wp-content\/uploads\/2022\/01\/Farma-Humana.jpg\",\"contentUrl\":\"https:\/\/www.distcaribe.com\/esp\/wp-content\/uploads\/2022\/01\/Farma-Humana.jpg\",\"width\":1577,\"height\":1051},{\"@type\":\"BreadcrumbList\",\"@id\":\"https:\/\/www.distcaribe.com\/esp\/?page_id=2048#breadcrumb\",\"itemListElement\":[{\"@type\":\"ListItem\",\"position\":1,\"name\":\"Home\",\"item\":\"https:\/\/www.distcaribe.com\/esp\/\"},{\"@type\":\"ListItem\",\"position\":2,\"name\":\"Farmac\u00e9utica\"}]},{\"@type\":\"WebSite\",\"@id\":\"https:\/\/www.distcaribe.com\/esp\/#website\",\"url\":\"https:\/\/www.distcaribe.com\/esp\/\",\"name\":\"Distribuidora del Caribe\",\"description\":\"Materia Prima\",\"publisher\":{\"@id\":\"https:\/\/www.distcaribe.com\/esp\/#organization\"},\"potentialAction\":[{\"@type\":\"SearchAction\",\"target\":{\"@type\":\"EntryPoint\",\"urlTemplate\":\"https:\/\/www.distcaribe.com\/esp\/?s={search_term_string}\"},\"query-input\":{\"@type\":\"PropertyValueSpecification\",\"valueRequired\":true,\"valueName\":\"search_term_string\"}}],\"inLanguage\":\"es\"},{\"@type\":\"Organization\",\"@id\":\"https:\/\/www.distcaribe.com\/esp\/#organization\",\"name\":\"Distribuidora del Caribe\",\"url\":\"https:\/\/www.distcaribe.com\/esp\/\",\"logo\":{\"@type\":\"ImageObject\",\"inLanguage\":\"es\",\"@id\":\"https:\/\/www.distcaribe.com\/esp\/#\/schema\/logo\/image\/\",\"url\":\"https:\/\/www.distcaribe.com\/esp\/wp-content\/uploads\/2022\/01\/logo-DC-vertical-rojo.png\",\"contentUrl\":\"https:\/\/www.distcaribe.com\/esp\/wp-content\/uploads\/2022\/01\/logo-DC-vertical-rojo.png\",\"width\":534,\"height\":612,\"caption\":\"Distribuidora del Caribe\"},\"image\":{\"@id\":\"https:\/\/www.distcaribe.com\/esp\/#\/schema\/logo\/image\/\"},\"sameAs\":[\"https:\/\/www.facebook.com\/dicsaguatemala\",\"https:\/\/www.instagram.com\/distribuidoradelcaribe\/?hl=es\",\"https:\/\/gt.linkedin.com\/company\/distribuidora-del-caribe\"]}]}<\/script>\n<!-- \/ Yoast SEO plugin. -->","yoast_head_json":{"title":"Farmac\u00e9utica - Distribuidora del Caribe","description":"Toda la materia prima necesaria para la elaboraci\u00f3n de medicamentos. Humana, animal, vitaminas, minerales, amino\u00e1cidos, colorantes, sabores.","robots":{"index":"index","follow":"follow","max-snippet":"max-snippet:-1","max-image-preview":"max-image-preview:large","max-video-preview":"max-video-preview:-1"},"canonical":"https:\/\/www.distcaribe.com\/esp\/?page_id=2048","og_locale":"es_ES","og_type":"article","og_title":"Farmac\u00e9utica - Distribuidora del Caribe","og_description":"Toda la materia prima necesaria para la elaboraci\u00f3n de medicamentos. Humana, animal, vitaminas, minerales, amino\u00e1cidos, colorantes, sabores.","og_url":"https:\/\/www.distcaribe.com\/esp\/?page_id=2048","og_site_name":"Distribuidora del Caribe","article_publisher":"https:\/\/www.facebook.com\/dicsaguatemala","article_modified_time":"2023-06-15T20:59:58+00:00","og_image":[{"url":"https:\/\/www.distcaribe.com\/esp\/wp-content\/uploads\/2022\/01\/Farma-Humana-1024x682.jpg","type":"","width":"","height":""}],"twitter_card":"summary_large_image","twitter_misc":{"Est. reading time":"1 minuto"},"schema":{"@context":"https:\/\/schema.org","@graph":[{"@type":"WebPage","@id":"https:\/\/www.distcaribe.com\/esp\/?page_id=2048","url":"https:\/\/www.distcaribe.com\/esp\/?page_id=2048","name":"Farmac\u00e9utica - Distribuidora del Caribe","isPartOf":{"@id":"https:\/\/www.distcaribe.com\/esp\/#website"},"primaryImageOfPage":{"@id":"https:\/\/www.distcaribe.com\/esp\/?page_id=2048#primaryimage"},"image":{"@id":"https:\/\/www.distcaribe.com\/esp\/?page_id=2048#primaryimage"},"thumbnailUrl":"https:\/\/www.distcaribe.com\/esp\/wp-content\/uploads\/2022\/01\/Farma-Humana-1024x682.jpg","datePublished":"2022-01-28T21:08:02+00:00","dateModified":"2023-06-15T20:59:58+00:00","description":"Toda la materia prima necesaria para la elaboraci\u00f3n de medicamentos. Humana, animal, vitaminas, minerales, amino\u00e1cidos, colorantes, sabores.","breadcrumb":{"@id":"https:\/\/www.distcaribe.com\/esp\/?page_id=2048#breadcrumb"},"inLanguage":"es","potentialAction":[{"@type":"ReadAction","target":["https:\/\/www.distcaribe.com\/esp\/?page_id=2048"]}]},{"@type":"ImageObject","inLanguage":"es","@id":"https:\/\/www.distcaribe.com\/esp\/?page_id=2048#primaryimage","url":"https:\/\/www.distcaribe.com\/esp\/wp-content\/uploads\/2022\/01\/Farma-Humana.jpg","contentUrl":"https:\/\/www.distcaribe.com\/esp\/wp-content\/uploads\/2022\/01\/Farma-Humana.jpg","width":1577,"height":1051},{"@type":"BreadcrumbList","@id":"https:\/\/www.distcaribe.com\/esp\/?page_id=2048#breadcrumb","itemListElement":[{"@type":"ListItem","position":1,"name":"Home","item":"https:\/\/www.distcaribe.com\/esp\/"},{"@type":"ListItem","position":2,"name":"Farmac\u00e9utica"}]},{"@type":"WebSite","@id":"https:\/\/www.distcaribe.com\/esp\/#website","url":"https:\/\/www.distcaribe.com\/esp\/","name":"Distribuidora del Caribe","description":"Materia Prima","publisher":{"@id":"https:\/\/www.distcaribe.com\/esp\/#organization"},"potentialAction":[{"@type":"SearchAction","target":{"@type":"EntryPoint","urlTemplate":"https:\/\/www.distcaribe.com\/esp\/?s={search_term_string}"},"query-input":{"@type":"PropertyValueSpecification","valueRequired":true,"valueName":"search_term_string"}}],"inLanguage":"es"},{"@type":"Organization","@id":"https:\/\/www.distcaribe.com\/esp\/#organization","name":"Distribuidora del Caribe","url":"https:\/\/www.distcaribe.com\/esp\/","logo":{"@type":"ImageObject","inLanguage":"es","@id":"https:\/\/www.distcaribe.com\/esp\/#\/schema\/logo\/image\/","url":"https:\/\/www.distcaribe.com\/esp\/wp-content\/uploads\/2022\/01\/logo-DC-vertical-rojo.png","contentUrl":"https:\/\/www.distcaribe.com\/esp\/wp-content\/uploads\/2022\/01\/logo-DC-vertical-rojo.png","width":534,"height":612,"caption":"Distribuidora del Caribe"},"image":{"@id":"https:\/\/www.distcaribe.com\/esp\/#\/schema\/logo\/image\/"},"sameAs":["https:\/\/www.facebook.com\/dicsaguatemala","https:\/\/www.instagram.com\/distribuidoradelcaribe\/?hl=es","https:\/\/gt.linkedin.com\/company\/distribuidora-del-caribe"]}]}},"_links":{"self":[{"href":"https:\/\/www.distcaribe.com\/esp\/index.php?rest_route=\/wp\/v2\/pages\/2048","targetHints":{"allow":["GET"]}}],"collection":[{"href":"https:\/\/www.distcaribe.com\/esp\/index.php?rest_route=\/wp\/v2\/pages"}],"about":[{"href":"https:\/\/www.distcaribe.com\/esp\/index.php?rest_route=\/wp\/v2\/types\/page"}],"author":[{"embeddable":true,"href":"https:\/\/www.distcaribe.com\/esp\/index.php?rest_route=\/wp\/v2\/users\/1"}],"replies":[{"embeddable":true,"href":"https:\/\/www.distcaribe.com\/esp\/index.php?rest_route=%2Fwp%2Fv2%2Fcomments&post=2048"}],"version-history":[{"count":10,"href":"https:\/\/www.distcaribe.com\/esp\/index.php?rest_route=\/wp\/v2\/pages\/2048\/revisions"}],"predecessor-version":[{"id":43076,"href":"https:\/\/www.distcaribe.com\/esp\/index.php?rest_route=\/wp\/v2\/pages\/2048\/revisions\/43076"}],"wp:attachment":[{"href":"https:\/\/www.distcaribe.com\/esp\/index.php?rest_route=%2Fwp%2Fv2%2Fmedia&parent=2048"}],"curies":[{"name":"wp","href":"https:\/\/api.w.org\/{rel}","templated":true}]}}